{"id":223,"date":"2012-01-01T14:49:16","date_gmt":"2012-01-01T14:49:16","guid":{"rendered":"http:\/\/periodicoelamanecer.wordpress.com\/?page_id=223"},"modified":"2020-07-09T14:29:12","modified_gmt":"2020-07-09T12:29:12","slug":"ultimo-amanecer","status":"publish","type":"page","link":"https:\/\/elamanecer.noblogs.org\/?page_id=223","title":{"rendered":"Ultimo Amanecer"},"content":{"rendered":"<pre>\u00a1\u00a1AVISO!! de momento el peri\u00f3dico no se encuentra saliendo como edici\u00f3n mensual impresa en papel, no podemos decir que lo volveremos a editar ni lo contrario, s\u00f3lo que ya lleva m\u00e1s de un a\u00f1o en una pausa que nosotrxs deseamos. Mientras tanto estamos en un per\u00edodo de (auto)producci\u00f3n filos\u00f3fica. Pero si hay alg\u00fan interesadx en unirse al club en pos de una futura y renovada edici\u00f3n: elamanecer[a]riseup.net<\/pre>\n<p style=\"text-align:center\"><a href=\"http:\/\/www.mediafire.com\/?lbcwd9dh2b4il3y\"><img loading=\"lazy\" decoding=\"async\" class=\"aligncenter size-full wp-image-2736\" src=\"https:\/\/periodicoelamanecer.files.wordpress.com\/2013\/11\/portada-del-periodico-anarquista-el-amanecer-noviembre-2013.jpg\" alt=\"Peri\u00f3dico anarquista El Amanecer, Octubre 2013, portada\" width=\"640\" height=\"828\" \/><\/a><strong>Desc\u00e1rgale haciendo click en la imagen.<\/strong><\/p>\n","protected":false},"excerpt":{"rendered":"<p>\u00a1\u00a1AVISO!! de momento el peri\u00f3dico no se encuentra saliendo como edici\u00f3n mensual impresa en papel, no podemos decir que lo volveremos a editar ni lo contrario, s\u00f3lo que ya lleva m\u00e1s de un a\u00f1o en una pausa que nosotrxs deseamos. Mientras tanto estamos en un per\u00edodo de (auto)producci\u00f3n filos\u00f3fica. Pero si hay alg\u00fan interesadx en &hellip; <a href=\"https:\/\/elamanecer.noblogs.org\/?page_id=223\" class=\"more-link\">Continuar leyendo<span class=\"screen-reader-text\"> \u00abUltimo Amanecer\u00bb<\/span><\/a><\/p>\n","protected":false},"author":15356,"featured_media":0,"parent":0,"menu_order":0,"comment_status":"open","ping_status":"open","template":"","meta":{"footnotes":""},"class_list":["post-223","page","type-page","status-publish","hentry"],"_links":{"self":[{"href":"https:\/\/elamanecer.noblogs.org\/index.php?rest_route=\/wp\/v2\/pages\/223","targetHints":{"allow":["GET"]}}],"collection":[{"href":"https:\/\/elamanecer.noblogs.org\/index.php?rest_route=\/wp\/v2\/pages"}],"about":[{"href":"https:\/\/elamanecer.noblogs.org\/index.php?rest_route=\/wp\/v2\/types\/page"}],"author":[{"embeddable":true,"href":"https:\/\/elamanecer.noblogs.org\/index.php?rest_route=\/wp\/v2\/users\/15356"}],"replies":[{"embeddable":true,"href":"https:\/\/elamanecer.noblogs.org\/index.php?rest_route=%2Fwp%2Fv2%2Fcomments&post=223"}],"version-history":[{"count":1,"href":"https:\/\/elamanecer.noblogs.org\/index.php?rest_route=\/wp\/v2\/pages\/223\/revisions"}],"predecessor-version":[{"id":4215,"href":"https:\/\/elamanecer.noblogs.org\/index.php?rest_route=\/wp\/v2\/pages\/223\/revisions\/4215"}],"wp:attachment":[{"href":"https:\/\/elamanecer.noblogs.org\/index.php?rest_route=%2Fwp%2Fv2%2Fmedia&parent=223"}],"curies":[{"name":"wp","href":"https:\/\/api.w.org\/{rel}","templated":true}]}}