{"id":41,"date":"2011-12-16T08:19:31","date_gmt":"2011-12-16T08:19:31","guid":{"rendered":"http:\/\/periodicoelamanecer.wordpress.com\/?page_id=41"},"modified":"2020-05-25T12:36:47","modified_gmt":"2020-05-25T10:36:47","slug":"contacto","status":"publish","type":"page","link":"https:\/\/elamanecer.noblogs.org\/?page_id=41","title":{"rendered":"Contacto"},"content":{"rendered":"<p style=\"text-align: center\"><em>\u00bfamistades, redes informales, producci\u00f3n de saberes, tr\u00e1fico de armas, org\u00edas, robos, fiestas? <\/em><\/p>\n<p style=\"text-align: center\"><strong>elamanecer<span class=\"atwho-query\">@riseup<\/span>.net\u00a0<\/strong><\/p>\n<p><img loading=\"lazy\" decoding=\"async\" class=\"size-medium aligncenter\" style=\"font-size: 16px\" src=\"https:\/\/radiokurruf.files.wordpress.com\/2017\/12\/g42.jpg\" width=\"209\" height=\"425\" \/><\/p>\n","protected":false},"excerpt":{"rendered":"<p>\u00bfamistades, redes informales, producci\u00f3n de saberes, tr\u00e1fico de armas, org\u00edas, robos, fiestas? elamanecer@riseup.net\u00a0<\/p>\n","protected":false},"author":15356,"featured_media":0,"parent":0,"menu_order":0,"comment_status":"open","ping_status":"closed","template":"onecolumn-page.php","meta":{"footnotes":""},"class_list":["post-41","page","type-page","status-publish","hentry"],"_links":{"self":[{"href":"https:\/\/elamanecer.noblogs.org\/index.php?rest_route=\/wp\/v2\/pages\/41","targetHints":{"allow":["GET"]}}],"collection":[{"href":"https:\/\/elamanecer.noblogs.org\/index.php?rest_route=\/wp\/v2\/pages"}],"about":[{"href":"https:\/\/elamanecer.noblogs.org\/index.php?rest_route=\/wp\/v2\/types\/page"}],"author":[{"embeddable":true,"href":"https:\/\/elamanecer.noblogs.org\/index.php?rest_route=\/wp\/v2\/users\/15356"}],"replies":[{"embeddable":true,"href":"https:\/\/elamanecer.noblogs.org\/index.php?rest_route=%2Fwp%2Fv2%2Fcomments&post=41"}],"version-history":[{"count":2,"href":"https:\/\/elamanecer.noblogs.org\/index.php?rest_route=\/wp\/v2\/pages\/41\/revisions"}],"predecessor-version":[{"id":4092,"href":"https:\/\/elamanecer.noblogs.org\/index.php?rest_route=\/wp\/v2\/pages\/41\/revisions\/4092"}],"wp:attachment":[{"href":"https:\/\/elamanecer.noblogs.org\/index.php?rest_route=%2Fwp%2Fv2%2Fmedia&parent=41"}],"curies":[{"name":"wp","href":"https:\/\/api.w.org\/{rel}","templated":true}]}}